{"id":685,"date":"2018-10-14T22:27:18","date_gmt":"2018-10-14T20:27:18","guid":{"rendered":"http:\/\/balticracing.fh-stralsund.de\/testsite\/?page_id=685"},"modified":"2025-04-17T15:57:30","modified_gmt":"2025-04-17T13:57:30","slug":"werde-mitglied","status":"publish","type":"page","link":"https:\/\/balticracing.hochschule-stralsund.de\/?page_id=685","title":{"rendered":"Werde Mitglied!"},"content":{"rendered":"<div id=\"pl-685\"  class=\"panel-layout\" ><div id=\"pg-685-0\"  class=\"panel-grid panel-no-style\" ><div id=\"pgc-685-0-0\"  class=\"panel-grid-cell\" ><div id=\"panel-685-0-0-0\" class=\"so-panel widget widget_sow-editor panel-first-child panel-last-child\" data-index=\"0\" ><div\n\t\t\t\n\t\t\tclass=\"so-widget-sow-editor so-widget-sow-editor-base\"\n\t\t\t\n\t\t>\n<div class=\"siteorigin-widget-tinymce textwidget\">\n\t<p><a href=\"http:\/\/balticracing.fh-stralsund.de\/\">Startseite<\/a> &gt; <a href=\"http:\/\/balticracing.fh-stralsund.de\/?page_id=38\">Team<\/a> &gt; <a href=\"http:\/\/balticracing.fh-stralsund.de\/?page_id=685\">Werde Mitglied!<\/a><\/p>\n<\/div>\n<\/div><\/div><\/div><\/div><div id=\"pg-685-1\"  class=\"panel-grid panel-no-style\" ><div id=\"pgc-685-1-0\"  class=\"panel-grid-cell\" ><div id=\"panel-685-1-0-0\" class=\"so-panel widget widget_sow-editor panel-first-child panel-last-child\" data-index=\"1\" ><div\n\t\t\t\n\t\t\tclass=\"so-widget-sow-editor so-widget-sow-editor-base\"\n\t\t\t\n\t\t>\n<div class=\"siteorigin-widget-tinymce textwidget\">\n\t<h1>Sammle Praxiserfahrung bei BALTIC RACING!<\/h1>\n<p><strong>Welche Abteilungen erwarten dich?<\/strong><\/p>\n<p><b data-stringify-type=\"bold\">Chassis<\/b><br \/>\nDie Chassis-Abteilung konstruiert und fertigt das \u201cGer\u00fcst\u201c unseres Rennwagens \u2013 das Monocoque. Dieses besteht aus einer Sandwichbauweise mit einer Aluminiumwabe als Kernstruktur, Aluminium-Deckschichten und Insert-Material f\u00fcr lokale Verst\u00e4rkungen an Krafteinleitungsstellen.<br \/>\nDer zweite Bereich der Chassis-Abteilung ist die Ergonomie. Diese umfasst die Firewall, das Dashboard, die Headrestraint, den Sitz, das Lenksystem und die Pedale. Diese Baugruppen liefern dem Fahrer optimale Performance, Sicherheit und bietet individuelle Verstellbarkeit.<\/p>\n<p><b data-stringify-type=\"bold\">Suspension<\/b><br \/>\nDas Fahrwerk stellt die Verbindung zwischen Fahrzeug und Stra\u00dfe her. Dazu geh\u00f6ren die Bremsen, das Feder-D\u00e4mpfer-System sowie die Lenkung. Zudem umfasst die Abteilung auch Komponenten wie die A-Arms, Achsschenkel und der Stabilisator, welche konstruiert und gefertigt werden. Die Abteilungsmitglieder besch\u00e4ftigen sich auch mit der Interpretation und Entwicklung von fahrdynamischen Aspekten sowie der Auslegung des Fahrwerks f\u00fcr ein optimiertes Fahrverhalten.<\/p>\n<p><b data-stringify-type=\"bold\">LV-Electronics<\/b><br \/>\nIst verantwortlich f\u00fcr die gesamte Niederspannungsversorgung im Rennwagen, welche essenziell f\u00fcr die Sicherheit und die Sensorik des Fahrzeugs ist. Dazu geh\u00f6rt die Fusebox, die als zentrale Stromversorgungseinheit fungiert, sowie diverse Sensoren, die verschiedene Komponenten des Fahrzeugs \u00fcberwachen.<br \/>\nEin weiterer Bestandteil des LV-Systems ist die Vehicle Control Unit (VCU) und der Universal Acquisition Controller (UAC), die beide wichtige Daten empfangen und verarbeiten. Der Sensorhub sammelt s\u00e4mtliche Sensorwerte und \u00fcbermittelt diese an die entsprechenden Empf\u00e4nger.<br \/>\nZus\u00e4tzlich entwickelt die LV-Abteilung das Driver Interface, das Teil des Dashboards ist und dem Fahrer die wichtigsten Fahrzeugdaten \u00fcbermittelt.<\/p>\n<p><b data-stringify-type=\"bold\">Drivetrain<\/b><br \/>\nDer Antrieb \u2013 das Herzst\u00fcck unseres Fahrzeugs \u2013 besteht aus zwei Elektromotoren und zwei Wechselrichtern. Diese wandeln den Strom des Akkus in nutzbaren Strom f\u00fcr die Motoren um und werden mittels Regelungstechnik unabh\u00e4ngig voneinander gesteuert. Die Abteilung entwickelt zudem das K\u00fchlsystem, das aus zwei L\u00fcftern am Heck des Rennwagens besteht und f\u00fcr die K\u00fchlung der Motoren und Wechselrichter sorgt. Ein weiterer wichtiger Bestandteil des Antriebs ist der Kettentrieb, der pro Seite von jeweils einem Motor angetrieben wird und f\u00fcr die Energie\u00fcbertragung an die R\u00e4der sorgt.<\/p>\n<p><b data-stringify-type=\"bold\">HV-Electronics<\/b><br \/>\nDer elektrische Antrieb besteht aus verschiedenen Hochvolt-Komponenten, darunter der Akku, welcher eine der gr\u00f6\u00dften Baugruppen ist. Dieser setzt sich aus Akku-Stacks zusammen, die aus Lithium-Ionen-Zellen inhouse gefertigt werden und in einem Stecksystem zusammengef\u00fchrt werden. Diese Komponenten sind entsprechend verschaltet, um die ben\u00f6tigte Leistung zu erzielen. Auf jedem Stack sitzt ein Teil des Batteriemanagementsystems (BMS), basierend auf einer Master Slave. Dieses \u00fcberwacht die Temperatur und Spannung jedes einzelnen Stacks und sorgt f\u00fcr ein gleichm\u00e4\u00dfiges Spannungsniveau. Zudem enth\u00e4lt der Akku einen DC-DC-Wandler, der das Niederspannungssystem (LV-System) versorgt, sowie Sicherheitselektronik. Ein weiterer Bestandteil ist die Distribox, die die selbstentwickelte Discharge Platine enth\u00e4lt, welche die Zwischenkreiskondensatoren entl\u00e4dt. Au\u00dferdem enthalten ist das BSPD (Brake System Plausibility Device), das die gleichzeitige Bet\u00e4tigung von Gas und Bremse verhindert. Zus\u00e4tzlich entwickelt die Abteilung das Tractive System Active Light (TSAL), das am Mainhoop befestigt ist und in verschiedenen Blinkfrequenzen den Fahrzeugstatus anzeigt.<\/p>\n<p><b data-stringify-type=\"bold\">Aerodynamics<\/b><br \/>\nDie Aerodynamikabteilung konstruiert und fertigt nicht nur das Aerodynamikpaket des Fahrzeuges, sondern besch\u00e4ftigt sich auch mit der Simulation und Validierung des Luftstroms um das Fahrzeug. Dies erm\u00f6glicht eine j\u00e4hrliche Verbesserung und Optimierung der Luftf\u00fchrung um das Auto f\u00fcr maximale Downforce. Die Hauptbaugruppen sind dabei der Frontfl\u00fcgel, der Unterboden bestehend aus beiden Seitenk\u00e4sten und einem Diffusor, sowie dem Heckfl\u00fcgel. Gemeinsam bilden sie das Grundger\u00fcst der erzeugten Anpresskraft unseres Formula Student Wagens.<\/p>\n<p>&nbsp;<\/p>\n<p><b data-stringify-type=\"bold\">Business &amp; Organisation<\/b><br \/>\nDie Abteilung ist verantwortlich f\u00fcr die finanzielle \u00dcbersicht und die Koordination der Beschaffung ben\u00f6tigter Einzelteile. Zus\u00e4tzlich umfasst ihr Aufgabenbereich die Eventorganisation, Marketing, Social Media und Public Relations. Zudem wird sich mit dem Bereich Human Resource Management befasst, insbesondere das Recruiting neuer Mitglieder und die Entwicklung eines Teamwear-Konzepts.<br \/>\nEin wesentlicher Bestandteil der Teilnahme an den Formula Student Events ist die Erstellung eines Businessplans. Dabei wird eine profitable Gesch\u00e4ftsidee auf Basis des aktuellen Fahrzeugs oder seiner Bauteile entwickelt. Dies beinhaltet die Finanzplanung f\u00fcr die Unternehmensgr\u00fcndung sowie eine Markt- und Zielgruppenanalyse und die Entwicklung von Marketingstrategien.<\/p>\n<p>&nbsp;<\/p>\n<p><strong>Was solltest du mitbringen?<\/strong><\/p>\n<p>Am wichtigsten ist die Leidenschaft f\u00fcr Teamwork und Rennsport. Aber auch die Bereitschaft, sich aktiv einzubringen, sowie eine ehrliche und offene Kommunikation sind Werte, die ein Team ausmachen. Kreativit\u00e4t und eigenst\u00e4ndiges Arbeiten sind dabei immer von Vorteil.<\/p>\n<p>Bei uns kann sich jeder in irgendeiner Weise einbringen, solange das Interesse am Team und am Projekt besteht \u2013 sei es durch sei es durch technisches Verst\u00e4ndnis, Interesse an elektrischen Antriebseinheiten oder an Marketing- und Finanzthemen.<\/p>\n<p>Wir bieten dir die Gelegenheit, \u00fcber dich hinauszuwachsen, wertvolle Erfahrungen zu sammeln und dich optimal auf das Berufsleben vorzubereiten.<\/p>\n<p>Schau einfach mal bei uns vorbei oder kontaktiere uns \u2013 wir freuen uns auf dich!<\/p>\n<p><strong>\u00a0<\/strong><\/p>\n<p><strong>Warum solltest du beitreten?<\/strong><\/p>\n<ul>\n<li>Entwicklung, Konstruktion, Fertigung und Testen eines Rennwagens der Formula Student Electric<\/li>\n<li>Kontakte zu kleinen bis gro\u00dfen nationalen sowie internationalen Unternehmen<\/li>\n<li>Umsetzung von theoretischem Wissen aus den Vorlesungen in die Praxis<\/li>\n<li>Einbringung und Verwirklichung eigener Ideen<\/li>\n<li>Erfahrungen in verschiedenen technischen sowie wirtschaftlichen Bereichen<\/li>\n<li>Nationale und internationale Freundschaften sowie Events<\/li>\n<\/ul>\n<\/div>\n<\/div><\/div><\/div><\/div><\/div>","protected":false},"excerpt":{"rendered":"<p>Startseite &gt; Team &gt; Werde Mitglied! Sammle Praxiserfahrung bei BALTIC RACING! Welche Abteilungen erwarten dich? Chassis Die Chassis-Abteilung konstruiert und fertigt das \u201cGer\u00fcst\u201c unseres Rennwagens \u2013 das Monocoque. Dieses besteht aus einer Sandwichbauweise mit einer Aluminiumwabe als Kernstruktur, Aluminium-Deckschichten und Insert-Material f\u00fcr lokale Verst\u00e4rkungen an Krafteinleitungsstellen. Der zweite Bereich der Chassis-Abteilung ist die Ergonomie. Diese&hellip; <br \/> <a class=\"read-more\" href=\"https:\/\/balticracing.hochschule-stralsund.de\/?page_id=685\">Weiterlesen<\/a><\/p>\n","protected":false},"author":1,"featured_media":0,"parent":38,"menu_order":0,"comment_status":"closed","ping_status":"closed","template":"","meta":[],"yoast_head":"<!-- This site is optimized with the Yoast SEO plugin v19.13 - https:\/\/yoast.com\/wordpress\/plugins\/seo\/ -->\n<title>Werde Mitglied! - Baltic Racing<\/title>\n<meta name=\"robots\" content=\"index, follow, max-snippet:-1, max-image-preview:large, max-video-preview:-1\" \/>\n<link rel=\"canonical\" href=\"https:\/\/balticracing.hochschule-stralsund.de\/?page_id=685\" \/>\n<meta property=\"og:locale\" content=\"de_DE\" \/>\n<meta property=\"og:type\" content=\"article\" \/>\n<meta property=\"og:title\" content=\"Werde Mitglied! - Baltic Racing\" \/>\n<meta property=\"og:description\" content=\"Startseite &gt; Team &gt; Werde Mitglied! Sammle Praxiserfahrung bei BALTIC RACING! Welche Abteilungen erwarten dich? Chassis Die Chassis-Abteilung konstruiert und fertigt das \u201cGer\u00fcst\u201c unseres Rennwagens \u2013 das Monocoque. Dieses besteht aus einer Sandwichbauweise mit einer Aluminiumwabe als Kernstruktur, Aluminium-Deckschichten und Insert-Material f\u00fcr lokale Verst\u00e4rkungen an Krafteinleitungsstellen. Der zweite Bereich der Chassis-Abteilung ist die Ergonomie. Diese&hellip; Weiterlesen\" \/>\n<meta property=\"og:url\" content=\"https:\/\/balticracing.hochschule-stralsund.de\/?page_id=685\" \/>\n<meta property=\"og:site_name\" content=\"Baltic Racing\" \/>\n<meta property=\"article:publisher\" content=\"https:\/\/www.facebook.com\/balticracing\/\" \/>\n<meta property=\"article:modified_time\" content=\"2025-04-17T13:57:30+00:00\" \/>\n<meta name=\"twitter:card\" content=\"summary_large_image\" \/>\n<meta name=\"twitter:site\" content=\"@BalticRacing\" \/>\n<meta name=\"twitter:label1\" content=\"Gesch\u00e4tzte Lesezeit\" \/>\n\t<meta name=\"twitter:data1\" content=\"2 Minuten\" \/>\n<script type=\"application\/ld+json\" class=\"yoast-schema-graph\">{\"@context\":\"https:\/\/schema.org\",\"@graph\":[{\"@type\":\"WebPage\",\"@id\":\"https:\/\/balticracing.hochschule-stralsund.de\/?page_id=685\",\"url\":\"https:\/\/balticracing.hochschule-stralsund.de\/?page_id=685\",\"name\":\"Werde Mitglied! - Baltic Racing\",\"isPartOf\":{\"@id\":\"https:\/\/balticracing.hochschule-stralsund.de\/#website\"},\"datePublished\":\"2018-10-14T20:27:18+00:00\",\"dateModified\":\"2025-04-17T13:57:30+00:00\",\"breadcrumb\":{\"@id\":\"https:\/\/balticracing.hochschule-stralsund.de\/?page_id=685#breadcrumb\"},\"inLanguage\":\"de-DE\",\"potentialAction\":[{\"@type\":\"ReadAction\",\"target\":[\"https:\/\/balticracing.hochschule-stralsund.de\/?page_id=685\"]}]},{\"@type\":\"BreadcrumbList\",\"@id\":\"https:\/\/balticracing.hochschule-stralsund.de\/?page_id=685#breadcrumb\",\"itemListElement\":[{\"@type\":\"ListItem\",\"position\":1,\"name\":\"Startseite\",\"item\":\"https:\/\/balticracing.hochschule-stralsund.de\/\"},{\"@type\":\"ListItem\",\"position\":2,\"name\":\"Team\",\"item\":\"https:\/\/balticracing.hochschule-stralsund.de\/?page_id=38\"},{\"@type\":\"ListItem\",\"position\":3,\"name\":\"Werde Mitglied!\"}]},{\"@type\":\"WebSite\",\"@id\":\"https:\/\/balticracing.hochschule-stralsund.de\/#website\",\"url\":\"https:\/\/balticracing.hochschule-stralsund.de\/\",\"name\":\"Baltic Racing\",\"description\":\"\",\"publisher\":{\"@id\":\"https:\/\/balticracing.hochschule-stralsund.de\/#organization\"},\"potentialAction\":[{\"@type\":\"SearchAction\",\"target\":{\"@type\":\"EntryPoint\",\"urlTemplate\":\"https:\/\/balticracing.hochschule-stralsund.de\/?s={search_term_string}\"},\"query-input\":\"required name=search_term_string\"}],\"inLanguage\":\"de-DE\"},{\"@type\":\"Organization\",\"@id\":\"https:\/\/balticracing.hochschule-stralsund.de\/#organization\",\"name\":\"Baltic Racing\",\"url\":\"https:\/\/balticracing.hochschule-stralsund.de\/\",\"logo\":{\"@type\":\"ImageObject\",\"inLanguage\":\"de-DE\",\"@id\":\"https:\/\/balticracing.hochschule-stralsund.de\/#\/schema\/logo\/image\/\",\"url\":\"https:\/\/balticracing.hochschule-stralsund.de\/wp-content\/uploads\/2018\/06\/BRS-2017-Logo-RZ-wei_-CMYK-20170511.png\",\"contentUrl\":\"https:\/\/balticracing.hochschule-stralsund.de\/wp-content\/uploads\/2018\/06\/BRS-2017-Logo-RZ-wei_-CMYK-20170511.png\",\"width\":1851,\"height\":702,\"caption\":\"Baltic Racing\"},\"image\":{\"@id\":\"https:\/\/balticracing.hochschule-stralsund.de\/#\/schema\/logo\/image\/\"},\"sameAs\":[\"https:\/\/www.instagram.com\/balticracing\/\",\"https:\/\/www.youtube.com\/user\/BalticRacing\",\"https:\/\/www.facebook.com\/balticracing\/\",\"https:\/\/twitter.com\/BalticRacing\"]}]}<\/script>\n<!-- \/ Yoast SEO plugin. -->","yoast_head_json":{"title":"Werde Mitglied! - Baltic Racing","robots":{"index":"index","follow":"follow","max-snippet":"max-snippet:-1","max-image-preview":"max-image-preview:large","max-video-preview":"max-video-preview:-1"},"canonical":"https:\/\/balticracing.hochschule-stralsund.de\/?page_id=685","og_locale":"de_DE","og_type":"article","og_title":"Werde Mitglied! - Baltic Racing","og_description":"Startseite &gt; Team &gt; Werde Mitglied! Sammle Praxiserfahrung bei BALTIC RACING! Welche Abteilungen erwarten dich? Chassis Die Chassis-Abteilung konstruiert und fertigt das \u201cGer\u00fcst\u201c unseres Rennwagens \u2013 das Monocoque. Dieses besteht aus einer Sandwichbauweise mit einer Aluminiumwabe als Kernstruktur, Aluminium-Deckschichten und Insert-Material f\u00fcr lokale Verst\u00e4rkungen an Krafteinleitungsstellen. Der zweite Bereich der Chassis-Abteilung ist die Ergonomie. Diese&hellip; Weiterlesen","og_url":"https:\/\/balticracing.hochschule-stralsund.de\/?page_id=685","og_site_name":"Baltic Racing","article_publisher":"https:\/\/www.facebook.com\/balticracing\/","article_modified_time":"2025-04-17T13:57:30+00:00","twitter_card":"summary_large_image","twitter_site":"@BalticRacing","twitter_misc":{"Gesch\u00e4tzte Lesezeit":"2 Minuten"},"schema":{"@context":"https:\/\/schema.org","@graph":[{"@type":"WebPage","@id":"https:\/\/balticracing.hochschule-stralsund.de\/?page_id=685","url":"https:\/\/balticracing.hochschule-stralsund.de\/?page_id=685","name":"Werde Mitglied! - Baltic Racing","isPartOf":{"@id":"https:\/\/balticracing.hochschule-stralsund.de\/#website"},"datePublished":"2018-10-14T20:27:18+00:00","dateModified":"2025-04-17T13:57:30+00:00","breadcrumb":{"@id":"https:\/\/balticracing.hochschule-stralsund.de\/?page_id=685#breadcrumb"},"inLanguage":"de-DE","potentialAction":[{"@type":"ReadAction","target":["https:\/\/balticracing.hochschule-stralsund.de\/?page_id=685"]}]},{"@type":"BreadcrumbList","@id":"https:\/\/balticracing.hochschule-stralsund.de\/?page_id=685#breadcrumb","itemListElement":[{"@type":"ListItem","position":1,"name":"Startseite","item":"https:\/\/balticracing.hochschule-stralsund.de\/"},{"@type":"ListItem","position":2,"name":"Team","item":"https:\/\/balticracing.hochschule-stralsund.de\/?page_id=38"},{"@type":"ListItem","position":3,"name":"Werde Mitglied!"}]},{"@type":"WebSite","@id":"https:\/\/balticracing.hochschule-stralsund.de\/#website","url":"https:\/\/balticracing.hochschule-stralsund.de\/","name":"Baltic Racing","description":"","publisher":{"@id":"https:\/\/balticracing.hochschule-stralsund.de\/#organization"},"potentialAction":[{"@type":"SearchAction","target":{"@type":"EntryPoint","urlTemplate":"https:\/\/balticracing.hochschule-stralsund.de\/?s={search_term_string}"},"query-input":"required name=search_term_string"}],"inLanguage":"de-DE"},{"@type":"Organization","@id":"https:\/\/balticracing.hochschule-stralsund.de\/#organization","name":"Baltic Racing","url":"https:\/\/balticracing.hochschule-stralsund.de\/","logo":{"@type":"ImageObject","inLanguage":"de-DE","@id":"https:\/\/balticracing.hochschule-stralsund.de\/#\/schema\/logo\/image\/","url":"https:\/\/balticracing.hochschule-stralsund.de\/wp-content\/uploads\/2018\/06\/BRS-2017-Logo-RZ-wei_-CMYK-20170511.png","contentUrl":"https:\/\/balticracing.hochschule-stralsund.de\/wp-content\/uploads\/2018\/06\/BRS-2017-Logo-RZ-wei_-CMYK-20170511.png","width":1851,"height":702,"caption":"Baltic Racing"},"image":{"@id":"https:\/\/balticracing.hochschule-stralsund.de\/#\/schema\/logo\/image\/"},"sameAs":["https:\/\/www.instagram.com\/balticracing\/","https:\/\/www.youtube.com\/user\/BalticRacing","https:\/\/www.facebook.com\/balticracing\/","https:\/\/twitter.com\/BalticRacing"]}]}},"_links":{"self":[{"href":"https:\/\/balticracing.hochschule-stralsund.de\/index.php?rest_route=\/wp\/v2\/pages\/685"}],"collection":[{"href":"https:\/\/balticracing.hochschule-stralsund.de\/index.php?rest_route=\/wp\/v2\/pages"}],"about":[{"href":"https:\/\/balticracing.hochschule-stralsund.de\/index.php?rest_route=\/wp\/v2\/types\/page"}],"author":[{"embeddable":true,"href":"https:\/\/balticracing.hochschule-stralsund.de\/index.php?rest_route=\/wp\/v2\/users\/1"}],"replies":[{"embeddable":true,"href":"https:\/\/balticracing.hochschule-stralsund.de\/index.php?rest_route=%2Fwp%2Fv2%2Fcomments&post=685"}],"version-history":[{"count":12,"href":"https:\/\/balticracing.hochschule-stralsund.de\/index.php?rest_route=\/wp\/v2\/pages\/685\/revisions"}],"predecessor-version":[{"id":13805,"href":"https:\/\/balticracing.hochschule-stralsund.de\/index.php?rest_route=\/wp\/v2\/pages\/685\/revisions\/13805"}],"up":[{"embeddable":true,"href":"https:\/\/balticracing.hochschule-stralsund.de\/index.php?rest_route=\/wp\/v2\/pages\/38"}],"wp:attachment":[{"href":"https:\/\/balticracing.hochschule-stralsund.de\/index.php?rest_route=%2Fwp%2Fv2%2Fmedia&parent=685"}],"curies":[{"name":"wp","href":"https:\/\/api.w.org\/{rel}","templated":true}]}}