{"id":34,"date":"2018-06-02T20:38:21","date_gmt":"2018-06-02T18:38:21","guid":{"rendered":"http:\/\/localhost:8888\/?page_id=34"},"modified":"2025-03-05T00:27:20","modified_gmt":"2025-03-04T23:27:20","slug":"disziplinen","status":"publish","type":"page","link":"https:\/\/balticracing.hochschule-stralsund.de\/?page_id=34","title":{"rendered":"Disziplinen"},"content":{"rendered":"<div id=\"pl-34\"  class=\"panel-layout\" ><div id=\"pg-34-0\"  class=\"panel-grid panel-no-style\" ><div id=\"pgc-34-0-0\"  class=\"panel-grid-cell\" ><div id=\"panel-34-0-0-0\" class=\"so-panel widget widget_sow-editor panel-first-child panel-last-child\" data-index=\"0\" ><div\n\t\t\t\n\t\t\tclass=\"so-widget-sow-editor so-widget-sow-editor-base\"\n\t\t\t\n\t\t>\n<div class=\"siteorigin-widget-tinymce textwidget\">\n\t<p><a href=\"http:\/\/balticracing.hochschule-stralsund.de\/\">Hauptseite<\/a> &gt; <a href=\"http:\/\/balticracing.hochschule-stralsund.de\/?page_id=26\">Formula Student<\/a> &gt; <a href=\"http:\/\/balticracing.hochschule-stralsund.de\/?page_id=34\">Disziplinen<\/a><\/p>\n<\/div>\n<\/div><\/div><\/div><\/div><div id=\"pg-34-1\"  class=\"panel-grid panel-no-style\" ><div id=\"pgc-34-1-0\"  class=\"panel-grid-cell\" ><div id=\"panel-34-1-0-0\" class=\"so-panel widget widget_sow-editor panel-first-child panel-last-child\" data-index=\"1\" ><div\n\t\t\t\n\t\t\tclass=\"so-widget-sow-editor so-widget-sow-editor-base\"\n\t\t\t\n\t\t>\n<div class=\"siteorigin-widget-tinymce textwidget\">\n\t<p>Um die interdisziplin\u00e4re Zusammenarbeit zu f\u00f6rdern, umfasst der Wettbewerb mehrere Teildisziplinen, die in statische und dynamische Disziplinen unterteilt sind. Diese bewerten sowohl die konstruktiven und fertigungstechnischen Eigenschaften des Fahrzeugs als auch die konzeptionellen Aspekte wie Kostenkalkulation und die Fachkompetenz der Teammitglieder.<br \/>\nF\u00fcr jede Teildisziplin erh\u00e4lt das Team eine seiner Leistung entsprechende Punktzahl. Die Gesamtpunktzahl aller Disziplinen ergibt das Endergebnis, das \u00fcber die Gesamtplatzierung entscheidet. Es kann ein Maximum von 1000 Punkten erreicht werden. In der Endplatzierung entscheiden sich die Top-Teams teilweise nur um wenige Punkte, was sehr gute Ergebnisse in jeder Teildisziplin absolut unabdingbar macht, um zu den Besten zu geh\u00f6ren.<\/p>\n<p><strong>Die statischen Disziplinen sind:<\/strong><br \/>\n<strong><em>Business Plan Presentation (75 Punkte)<\/em><\/strong><br \/>\nDie Entwicklung und Verteidigung eines umfassenden Gesch\u00e4ftsmodells, basierend auf dem Rennwagen oder spezifischen Bauteilen.<\/p>\n<p><em><strong>Cost and manufacturing (100 Punkte)<\/strong><\/em><br \/>\nBewertung des Verst\u00e4ndnis des Teams f\u00fcr Fahrzeug- und Komponentenkosten, Herstellungsprozesse und Umweltaspekte des Rennwagens.<\/p>\n<p><em><strong>Engineering Design (150 Punkte)<\/strong><\/em><br \/>\nPr\u00fcfung der Fahrzeugkonstruktion, einschlie\u00dflich der getroffenen Designentscheidungen und technischen L\u00f6sungen. Diese werden durch unsere Mitglieder erkl\u00e4rt und hinsichtlich seiner Eignung gegen\u00fcber erfahrenen Ingenieuren verteidigt.<\/p>\n<p><strong>Die dynamischen Disziplinen sind:<\/strong><br \/>\n<strong><em>Skid-Pad (50 Punkte)<\/em><\/strong><br \/>\nFahren auf einem \u201eAcht-Kurs\u201c zur Ermittlung der maximalen Querbeschleunigung<\/p>\n<p><em><strong>Acceleration (50 Punkte)<\/strong><\/em><br \/>\nBeschleunigungsrennen \u00fcber eine Distanz von 75m<\/p>\n<p><em><strong>Autocross (100 Punkte)<\/strong><\/em><br \/>\n\u00dcberpr\u00fcfung der Handlingeigenschaften und der Fahrdynamik auf dem Rennkurs<\/p>\n<p><strong><em>Endurance (250 Punkte) \/ Efficiency (75 Punkte)<\/em><\/strong><br \/>\nHauptrennen auf einem 22km Kurs zur Leistungsf\u00e4higkeit des Fahrzeugs. Gleichzeitig wird der Energieverbrauch in Relation zur Rundenzeit bewertet.<\/p>\n<\/div>\n<\/div><\/div><\/div><\/div><\/div>","protected":false},"excerpt":{"rendered":"<p>Hauptseite &gt; Formula Student &gt; Disziplinen Um die interdisziplin\u00e4re Zusammenarbeit zu f\u00f6rdern, umfasst der Wettbewerb mehrere Teildisziplinen, die in statische und dynamische Disziplinen unterteilt sind. Diese bewerten sowohl die konstruktiven und fertigungstechnischen Eigenschaften des Fahrzeugs als auch die konzeptionellen Aspekte wie Kostenkalkulation und die Fachkompetenz der Teammitglieder. F\u00fcr jede Teildisziplin erh\u00e4lt das Team eine seiner&hellip; <br \/> <a class=\"read-more\" href=\"https:\/\/balticracing.hochschule-stralsund.de\/?page_id=34\">Weiterlesen<\/a><\/p>\n","protected":false},"author":1,"featured_media":0,"parent":26,"menu_order":0,"comment_status":"closed","ping_status":"closed","template":"","meta":[],"yoast_head":"<!-- This site is optimized with the Yoast SEO plugin v19.13 - https:\/\/yoast.com\/wordpress\/plugins\/seo\/ -->\n<title>Disziplinen - Baltic Racing<\/title>\n<meta name=\"robots\" content=\"index, follow, max-snippet:-1, max-image-preview:large, max-video-preview:-1\" \/>\n<link rel=\"canonical\" href=\"https:\/\/balticracing.hochschule-stralsund.de\/?page_id=34\" \/>\n<meta property=\"og:locale\" content=\"de_DE\" \/>\n<meta property=\"og:type\" content=\"article\" \/>\n<meta property=\"og:title\" content=\"Disziplinen - Baltic Racing\" \/>\n<meta property=\"og:description\" content=\"Hauptseite &gt; Formula Student &gt; Disziplinen Um die interdisziplin\u00e4re Zusammenarbeit zu f\u00f6rdern, umfasst der Wettbewerb mehrere Teildisziplinen, die in statische und dynamische Disziplinen unterteilt sind. Diese bewerten sowohl die konstruktiven und fertigungstechnischen Eigenschaften des Fahrzeugs als auch die konzeptionellen Aspekte wie Kostenkalkulation und die Fachkompetenz der Teammitglieder. F\u00fcr jede Teildisziplin erh\u00e4lt das Team eine seiner&hellip; Weiterlesen\" \/>\n<meta property=\"og:url\" content=\"https:\/\/balticracing.hochschule-stralsund.de\/?page_id=34\" \/>\n<meta property=\"og:site_name\" content=\"Baltic Racing\" \/>\n<meta property=\"article:publisher\" content=\"https:\/\/www.facebook.com\/balticracing\/\" \/>\n<meta property=\"article:modified_time\" content=\"2025-03-04T23:27:20+00:00\" \/>\n<meta name=\"twitter:card\" content=\"summary_large_image\" \/>\n<meta name=\"twitter:site\" content=\"@BalticRacing\" \/>\n<meta name=\"twitter:label1\" content=\"Gesch\u00e4tzte Lesezeit\" \/>\n\t<meta name=\"twitter:data1\" content=\"2 Minuten\" \/>\n<script type=\"application\/ld+json\" class=\"yoast-schema-graph\">{\"@context\":\"https:\/\/schema.org\",\"@graph\":[{\"@type\":\"WebPage\",\"@id\":\"https:\/\/balticracing.hochschule-stralsund.de\/?page_id=34\",\"url\":\"https:\/\/balticracing.hochschule-stralsund.de\/?page_id=34\",\"name\":\"Disziplinen - Baltic Racing\",\"isPartOf\":{\"@id\":\"https:\/\/balticracing.hochschule-stralsund.de\/#website\"},\"datePublished\":\"2018-06-02T18:38:21+00:00\",\"dateModified\":\"2025-03-04T23:27:20+00:00\",\"breadcrumb\":{\"@id\":\"https:\/\/balticracing.hochschule-stralsund.de\/?page_id=34#breadcrumb\"},\"inLanguage\":\"de-DE\",\"potentialAction\":[{\"@type\":\"ReadAction\",\"target\":[\"https:\/\/balticracing.hochschule-stralsund.de\/?page_id=34\"]}]},{\"@type\":\"BreadcrumbList\",\"@id\":\"https:\/\/balticracing.hochschule-stralsund.de\/?page_id=34#breadcrumb\",\"itemListElement\":[{\"@type\":\"ListItem\",\"position\":1,\"name\":\"Startseite\",\"item\":\"https:\/\/balticracing.hochschule-stralsund.de\/\"},{\"@type\":\"ListItem\",\"position\":2,\"name\":\"Die Formula Student \/ Formula SAE\",\"item\":\"https:\/\/balticracing.hochschule-stralsund.de\/?page_id=26\"},{\"@type\":\"ListItem\",\"position\":3,\"name\":\"Disziplinen\"}]},{\"@type\":\"WebSite\",\"@id\":\"https:\/\/balticracing.hochschule-stralsund.de\/#website\",\"url\":\"https:\/\/balticracing.hochschule-stralsund.de\/\",\"name\":\"Baltic Racing\",\"description\":\"\",\"publisher\":{\"@id\":\"https:\/\/balticracing.hochschule-stralsund.de\/#organization\"},\"potentialAction\":[{\"@type\":\"SearchAction\",\"target\":{\"@type\":\"EntryPoint\",\"urlTemplate\":\"https:\/\/balticracing.hochschule-stralsund.de\/?s={search_term_string}\"},\"query-input\":\"required name=search_term_string\"}],\"inLanguage\":\"de-DE\"},{\"@type\":\"Organization\",\"@id\":\"https:\/\/balticracing.hochschule-stralsund.de\/#organization\",\"name\":\"Baltic Racing\",\"url\":\"https:\/\/balticracing.hochschule-stralsund.de\/\",\"logo\":{\"@type\":\"ImageObject\",\"inLanguage\":\"de-DE\",\"@id\":\"https:\/\/balticracing.hochschule-stralsund.de\/#\/schema\/logo\/image\/\",\"url\":\"https:\/\/balticracing.hochschule-stralsund.de\/wp-content\/uploads\/2018\/06\/BRS-2017-Logo-RZ-wei_-CMYK-20170511.png\",\"contentUrl\":\"https:\/\/balticracing.hochschule-stralsund.de\/wp-content\/uploads\/2018\/06\/BRS-2017-Logo-RZ-wei_-CMYK-20170511.png\",\"width\":1851,\"height\":702,\"caption\":\"Baltic Racing\"},\"image\":{\"@id\":\"https:\/\/balticracing.hochschule-stralsund.de\/#\/schema\/logo\/image\/\"},\"sameAs\":[\"https:\/\/www.instagram.com\/balticracing\/\",\"https:\/\/www.youtube.com\/user\/BalticRacing\",\"https:\/\/www.facebook.com\/balticracing\/\",\"https:\/\/twitter.com\/BalticRacing\"]}]}<\/script>\n<!-- \/ Yoast SEO plugin. -->","yoast_head_json":{"title":"Disziplinen - Baltic Racing","robots":{"index":"index","follow":"follow","max-snippet":"max-snippet:-1","max-image-preview":"max-image-preview:large","max-video-preview":"max-video-preview:-1"},"canonical":"https:\/\/balticracing.hochschule-stralsund.de\/?page_id=34","og_locale":"de_DE","og_type":"article","og_title":"Disziplinen - Baltic Racing","og_description":"Hauptseite &gt; Formula Student &gt; Disziplinen Um die interdisziplin\u00e4re Zusammenarbeit zu f\u00f6rdern, umfasst der Wettbewerb mehrere Teildisziplinen, die in statische und dynamische Disziplinen unterteilt sind. Diese bewerten sowohl die konstruktiven und fertigungstechnischen Eigenschaften des Fahrzeugs als auch die konzeptionellen Aspekte wie Kostenkalkulation und die Fachkompetenz der Teammitglieder. F\u00fcr jede Teildisziplin erh\u00e4lt das Team eine seiner&hellip; Weiterlesen","og_url":"https:\/\/balticracing.hochschule-stralsund.de\/?page_id=34","og_site_name":"Baltic Racing","article_publisher":"https:\/\/www.facebook.com\/balticracing\/","article_modified_time":"2025-03-04T23:27:20+00:00","twitter_card":"summary_large_image","twitter_site":"@BalticRacing","twitter_misc":{"Gesch\u00e4tzte Lesezeit":"2 Minuten"},"schema":{"@context":"https:\/\/schema.org","@graph":[{"@type":"WebPage","@id":"https:\/\/balticracing.hochschule-stralsund.de\/?page_id=34","url":"https:\/\/balticracing.hochschule-stralsund.de\/?page_id=34","name":"Disziplinen - Baltic Racing","isPartOf":{"@id":"https:\/\/balticracing.hochschule-stralsund.de\/#website"},"datePublished":"2018-06-02T18:38:21+00:00","dateModified":"2025-03-04T23:27:20+00:00","breadcrumb":{"@id":"https:\/\/balticracing.hochschule-stralsund.de\/?page_id=34#breadcrumb"},"inLanguage":"de-DE","potentialAction":[{"@type":"ReadAction","target":["https:\/\/balticracing.hochschule-stralsund.de\/?page_id=34"]}]},{"@type":"BreadcrumbList","@id":"https:\/\/balticracing.hochschule-stralsund.de\/?page_id=34#breadcrumb","itemListElement":[{"@type":"ListItem","position":1,"name":"Startseite","item":"https:\/\/balticracing.hochschule-stralsund.de\/"},{"@type":"ListItem","position":2,"name":"Die Formula Student \/ Formula SAE","item":"https:\/\/balticracing.hochschule-stralsund.de\/?page_id=26"},{"@type":"ListItem","position":3,"name":"Disziplinen"}]},{"@type":"WebSite","@id":"https:\/\/balticracing.hochschule-stralsund.de\/#website","url":"https:\/\/balticracing.hochschule-stralsund.de\/","name":"Baltic Racing","description":"","publisher":{"@id":"https:\/\/balticracing.hochschule-stralsund.de\/#organization"},"potentialAction":[{"@type":"SearchAction","target":{"@type":"EntryPoint","urlTemplate":"https:\/\/balticracing.hochschule-stralsund.de\/?s={search_term_string}"},"query-input":"required name=search_term_string"}],"inLanguage":"de-DE"},{"@type":"Organization","@id":"https:\/\/balticracing.hochschule-stralsund.de\/#organization","name":"Baltic Racing","url":"https:\/\/balticracing.hochschule-stralsund.de\/","logo":{"@type":"ImageObject","inLanguage":"de-DE","@id":"https:\/\/balticracing.hochschule-stralsund.de\/#\/schema\/logo\/image\/","url":"https:\/\/balticracing.hochschule-stralsund.de\/wp-content\/uploads\/2018\/06\/BRS-2017-Logo-RZ-wei_-CMYK-20170511.png","contentUrl":"https:\/\/balticracing.hochschule-stralsund.de\/wp-content\/uploads\/2018\/06\/BRS-2017-Logo-RZ-wei_-CMYK-20170511.png","width":1851,"height":702,"caption":"Baltic Racing"},"image":{"@id":"https:\/\/balticracing.hochschule-stralsund.de\/#\/schema\/logo\/image\/"},"sameAs":["https:\/\/www.instagram.com\/balticracing\/","https:\/\/www.youtube.com\/user\/BalticRacing","https:\/\/www.facebook.com\/balticracing\/","https:\/\/twitter.com\/BalticRacing"]}]}},"_links":{"self":[{"href":"https:\/\/balticracing.hochschule-stralsund.de\/index.php?rest_route=\/wp\/v2\/pages\/34"}],"collection":[{"href":"https:\/\/balticracing.hochschule-stralsund.de\/index.php?rest_route=\/wp\/v2\/pages"}],"about":[{"href":"https:\/\/balticracing.hochschule-stralsund.de\/index.php?rest_route=\/wp\/v2\/types\/page"}],"author":[{"embeddable":true,"href":"https:\/\/balticracing.hochschule-stralsund.de\/index.php?rest_route=\/wp\/v2\/users\/1"}],"replies":[{"embeddable":true,"href":"https:\/\/balticracing.hochschule-stralsund.de\/index.php?rest_route=%2Fwp%2Fv2%2Fcomments&post=34"}],"version-history":[{"count":13,"href":"https:\/\/balticracing.hochschule-stralsund.de\/index.php?rest_route=\/wp\/v2\/pages\/34\/revisions"}],"predecessor-version":[{"id":13481,"href":"https:\/\/balticracing.hochschule-stralsund.de\/index.php?rest_route=\/wp\/v2\/pages\/34\/revisions\/13481"}],"up":[{"embeddable":true,"href":"https:\/\/balticracing.hochschule-stralsund.de\/index.php?rest_route=\/wp\/v2\/pages\/26"}],"wp:attachment":[{"href":"https:\/\/balticracing.hochschule-stralsund.de\/index.php?rest_route=%2Fwp%2Fv2%2Fmedia&parent=34"}],"curies":[{"name":"wp","href":"https:\/\/api.w.org\/{rel}","templated":true}]}}