{"id":108,"date":"2018-06-02T22:28:59","date_gmt":"2018-06-02T20:28:59","guid":{"rendered":"http:\/\/localhost:8888\/mesmerize\/"},"modified":"2026-03-14T15:57:30","modified_gmt":"2026-03-14T14:57:30","slug":"mesmerize","status":"publish","type":"page","link":"https:\/\/balticracing.hochschule-stralsund.de\/","title":{"rendered":"Front Page"},"content":{"rendered":"<div id=\"intro\" class=\"content-2 content-section content-section-spacing\" style=\"background-color: #ffffff; background-image: none;\" data-id=\"content--1\" data-category=\"content\" data-export-id=\"content-2\" data-label=\"Intro\">\n<div>\n<div class=\"row middle-xs\">\n<div class=\"col-sm-5 bg-image shadow-large-black\" style=\"background-image: url('https:\/\/balticracing.hochschule-stralsund.de\/wp-content\/uploads\/2026\/02\/cropped-BR-Rollout-TY25-Ivo-3055-scaled-1.jpg');\" data-bg=\"image\"><\/div>\n<div class=\"col-sm-7 full-col-left-padding full-col-right-padding\">\n<div class=\"row\">\n<div class=\"space-bottom-small content-title-col\" data-type=\"column\">\n<h2 class=\"\">Wir sind\u2026<\/h2>\n<p class=\"\">\u2026 Baltic Racing!<\/p>\n<p class=\"\"><\/p>\n\n<\/div>\n<\/div>\n<div class=\"row spaced-cols\" data-type=\"row\">\n<div class=\"col-xs-6\" data-type=\"column\">\n<h5 class=\"\">\u2026ein Team<\/h5>\n<p class=\"\">Ab 1999 unter dem Namen \u201estudent-racing team\u201c<\/p>\n<p class=\"\">Seit 2006 als \u201eBaltic Racing\u201c<\/p>\n\n<\/div>\n<div class=\"col-xs-6\" data-type=\"column\">\n<h5 class=\"\">\u2026Erfolgreich<\/h5>\n<p class=\"\">Auf bisher 44 Events<\/p>\n<p class=\"\">In 10 L\u00e4ndern<\/p>\n<p class=\"\">Mit 20 Top Plazierungen<\/p>\n<p class=\"\"><\/p>\n\n<\/div>\n<\/div>\n<\/div>\n<\/div>\n<\/div>\n<\/div>\n<div id=\"overlappable-1\" class=\"overlappable-4 content-section content-section-spacing\" style=\"background-color: #ffffff; background-image: none;\" data-id=\"overlappable--1\" data-overlap=\"true\" data-category=\"overlappable\" data-export-id=\"overlappable-4\" data-label=\"Overlappable\">\n<div class=\"\">\n<div class=\"row spaced-cols text-center content-center-sm center-sm\" data-type=\"row\">\n<div class=\"col-xs-12 col-sm-4 col-padding\">\n<div class=\"\" data-type=\"column\">\n<h5 class=\"\">Was ist die Formula Student?<\/h5>\n<p class=\"\">Die Formula Student ist ein internationaler Nachwuchskonstruktionswettbewerb. Dabei bauen die Teams einen Rennwagen, der sich nach dem von der Formula Student festgelegten Regelwerk ausrichtet.<\/p>\n<a class=\"button blue\" href=\"https:\/\/balticracing.hochschule-stralsund.de?page_id=26\" target=\"_self\" rel=\"noopener\" data-cp-link=\"1\">Formula Student<\/a>\n\n<\/div>\n<\/div>\n<div class=\"col-xs-12 col-sm-4 col-padding\">\n<div class=\"\" data-type=\"column\">\n<h5 class=\"\">Unsere Fahrzeuge<\/h5>\n<p class=\"\">Nach dem Regelwerk darf ein Fahrzeug nur eine Saison lang fahren. Dadurch haben wir inzwischen einen stattlichen Fuhrpark mit Fahrzeugen aus mehreren Generationen.<\/p>\n<a class=\"button blue\" href=\"https:\/\/balticracing.hochschule-stralsund.de?page_id=44\" target=\"_self\" rel=\"noopener\" data-cp-link=\"1\">Unsere Fahrzeuge<\/a>\n\n<\/div>\n<\/div>\n<div class=\"col-xs-12 col-sm-4 col-padding\">\n<div class=\"\" data-type=\"column\">\n<h5 class=\"\">Das Team<\/h5>\n<p class=\"\">Zu Beginn jeder neuen Saison schlie\u00dfen sich viele Neustudenten dem Team an. In einer unserer sieben Abteilungen findet sich f\u00fcr jeden ein Platz.<\/p>\n<a class=\"button blue\" href=\"https:\/\/balticracing.hochschule-stralsund.de?page_id=38\" target=\"_self\" rel=\"noopener\" data-cp-link=\"1\">Das Team<\/a>\n\n<\/div>\n<\/div>\n<div class=\"col-xs-12 col-sm-4 col-padding\">\n<div class=\"\" data-type=\"column\">\n<h5 class=\"\">Galerie<\/h5>\n<p class=\"\">Wie es schon seit vielen Jahren \u00fcblich ist, dokumentieren wir unser Wirken flei\u00dfig mit Bildern. Eine sorgf\u00e4ltige Auswahl haben wir auf unserer Website ausgestellt.<\/p>\n<a class=\"button blue\" href=\"https:\/\/balticracing.hochschule-stralsund.de?page_id=54\" target=\"_self\" rel=\"noopener\" data-cp-link=\"1\">Galerie<\/a>\n\n<\/div>\n<\/div>\n<div class=\"col-xs-12 col-sm-4 col-padding\">\n<div class=\"\" data-type=\"column\">\n<h5 class=\"\">Termine<\/h5>\n<p class=\"\">Die aktuellen Termine des Teams.<\/p>\n<a class=\"button blue\" href=\"https:\/\/balticracing.hochschule-stralsund.de?page_id=914\" target=\"_self\" rel=\"noopener\" data-cp-link=\"1\">Termine<\/a>\n\n<\/div>\n<\/div>\n<\/div>\n<\/div>\n<\/div>\n<div id=\"sponsor-werden\" class=\"cta-blue-section content-section content-section-spacing-medium bg-color1 white-text\" data-id=\"cta--1\" data-category=\"cta\" data-export-id=\"cta-blue-section\" data-label=\"Sponsor werden\">\n<div class=\"gridContainer\">\n<div class=\"row middle-xs\">\n<div class=\"col-sm-8 space-bottom-xs\" data-type=\"column\">\n<h2 class=\"\">Sie wollen uns unterst\u00fctzen?<\/h2>\n<\/div>\n<div class=\"col-sm-4 end-sm\" data-type=\"column\"><a class=\"button color2\" href=\"https:\/\/balticracing.hochschule-stralsund.de?page_id=58\" target=\"_self\" rel=\"noopener noreferrer\" data-cp-link=\"1\">Unterst\u00fctzer werden<\/a><\/div>\n<\/div>\n<\/div>\n<\/div>\n<div id=\"social-media-big\" class=\"clients-1 content-section content-section-spacing\" style=\"background-color: #f5fafd;\" data-id=\"clients--1\" data-category=\"clients\" data-export-id=\"clients-1\" data-label=\"Social Media big\">\n<div class=\"gridContainer\">\n<div class=\"row middle-sm\">\n<div class=\"col-sm-6 space-bottom-xs\" data-type=\"column\">\n<h2 class=\"font-700\">Unsere Social Media Seiten<\/h2>\n<p class=\"lead\">Wir sind zu finden auf Facebook, Instagram, Twitter und YouTube!<\/p>\n\n<\/div>\n<div class=\"col-sm-6\">\n<div class=\"row spaced-cols center-xs padding-lr\" data-type=\"row\">\n<div class=\"col-xs-3\"><a class=\"\" href=\"https:\/\/www.facebook.com\/balticracing\" target=\"_blank\" rel=\"noopener noreferrer\" data-cp-link=\"1\"><img class=\"desaturate\" src=\"http:\/\/balticracing.hochschule-stralsund.de\/wp-content\/uploads\/2018\/06\/cropped-image19-1.png\" \/><\/a><\/div>\n<div class=\"col-xs-3\"><a class=\"\" href=\"https:\/\/www.instagram.com\/balticracing\" target=\"_blank\" rel=\"noopener noreferrer\" data-cp-link=\"1\"><img class=\"desaturate\" src=\"https:\/\/balticracing.hochschule-stralsund.de\/wp-content\/uploads\/2025\/02\/cropped-Instagram.png\" \/><\/a><\/div>\n<div class=\"col-xs-3\"><a class=\"\" href=\"https:\/\/www.youtube.com\/user\/BalticRacing\" target=\"_blank\" rel=\"noopener noreferrer\" data-cp-link=\"1\"><img class=\"desaturate\" src=\"https:\/\/balticracing.hochschule-stralsund.de\/wp-content\/uploads\/2025\/02\/cropped-Youtube-1.png\" \/><\/a><\/div>\n<div class=\"col-xs-3\"><a class=\"\" href=\"https:\/\/www.linkedin.com\/company\/baltic-racing-team-hochschule-stralsund?originalSubdomain=de\" target=\"_blank\" rel=\"noopener noreferrer\" data-cp-link=\"1\"><img class=\"desaturate\" src=\"https:\/\/balticracing.hochschule-stralsund.de\/wp-content\/uploads\/2023\/02\/cropped-cropped-cropped-linkedin.png\" \/><\/a><\/div>\n<\/div>\n<\/div>\n<\/div>\n<\/div>\n<\/div>","protected":false},"excerpt":{"rendered":"<p>Wir sind\u2026 \u2026 Baltic Racing! \u2026ein Team Ab 1999 unter dem Namen \u201estudent-racing team\u201c Seit 2006 als \u201eBaltic Racing\u201c \u2026Erfolgreich Auf bisher 44 Events In 10 L\u00e4ndern Mit 20 Top Plazierungen Was ist die Formula Student? Die Formula Student ist ein internationaler Nachwuchskonstruktionswettbewerb. Dabei bauen die Teams einen Rennwagen, der sich nach dem von der&hellip; <br \/> <a class=\"read-more\" href=\"https:\/\/balticracing.hochschule-stralsund.de\/\">Weiterlesen<\/a><\/p>\n","protected":false},"author":1,"featured_media":0,"parent":0,"menu_order":0,"comment_status":"closed","ping_status":"closed","template":"page-templates\/homepage.php","meta":[],"yoast_head":"<!-- This site is optimized with the Yoast SEO plugin v19.13 - https:\/\/yoast.com\/wordpress\/plugins\/seo\/ -->\n<title>Front Page - Baltic Racing<\/title>\n<meta name=\"robots\" content=\"index, follow, max-snippet:-1, max-image-preview:large, max-video-preview:-1\" \/>\n<link rel=\"canonical\" href=\"https:\/\/balticracing.hochschule-stralsund.de\/\" \/>\n<meta property=\"og:locale\" content=\"de_DE\" \/>\n<meta property=\"og:type\" content=\"article\" \/>\n<meta property=\"og:title\" content=\"Front Page - Baltic Racing\" \/>\n<meta property=\"og:description\" content=\"Wir sind\u2026 \u2026 Baltic Racing! \u2026ein Team Ab 1999 unter dem Namen \u201estudent-racing team\u201c Seit 2006 als \u201eBaltic Racing\u201c \u2026Erfolgreich Auf bisher 44 Events In 10 L\u00e4ndern Mit 20 Top Plazierungen Was ist die Formula Student? Die Formula Student ist ein internationaler Nachwuchskonstruktionswettbewerb. Dabei bauen die Teams einen Rennwagen, der sich nach dem von der&hellip; Weiterlesen\" \/>\n<meta property=\"og:url\" content=\"https:\/\/balticracing.hochschule-stralsund.de\/\" \/>\n<meta property=\"og:site_name\" content=\"Baltic Racing\" \/>\n<meta property=\"article:publisher\" content=\"https:\/\/www.facebook.com\/balticracing\/\" \/>\n<meta property=\"article:modified_time\" content=\"2026-03-14T14:57:30+00:00\" \/>\n<meta property=\"og:image\" content=\"http:\/\/balticracing.hochschule-stralsund.de\/wp-content\/uploads\/2018\/06\/cropped-image19-1.png\" \/>\n<meta name=\"twitter:card\" content=\"summary_large_image\" \/>\n<meta name=\"twitter:site\" content=\"@BalticRacing\" \/>\n<meta name=\"twitter:label1\" content=\"Gesch\u00e4tzte Lesezeit\" \/>\n\t<meta name=\"twitter:data1\" content=\"2 Minuten\" \/>\n<script type=\"application\/ld+json\" class=\"yoast-schema-graph\">{\"@context\":\"https:\/\/schema.org\",\"@graph\":[{\"@type\":\"WebPage\",\"@id\":\"https:\/\/balticracing.hochschule-stralsund.de\/\",\"url\":\"https:\/\/balticracing.hochschule-stralsund.de\/\",\"name\":\"Front Page - Baltic Racing\",\"isPartOf\":{\"@id\":\"https:\/\/balticracing.hochschule-stralsund.de\/#website\"},\"datePublished\":\"2018-06-02T20:28:59+00:00\",\"dateModified\":\"2026-03-14T14:57:30+00:00\",\"breadcrumb\":{\"@id\":\"https:\/\/balticracing.hochschule-stralsund.de\/#breadcrumb\"},\"inLanguage\":\"de-DE\",\"potentialAction\":[{\"@type\":\"ReadAction\",\"target\":[\"https:\/\/balticracing.hochschule-stralsund.de\/\"]}]},{\"@type\":\"BreadcrumbList\",\"@id\":\"https:\/\/balticracing.hochschule-stralsund.de\/#breadcrumb\",\"itemListElement\":[{\"@type\":\"ListItem\",\"position\":1,\"name\":\"Startseite\",\"item\":\"https:\/\/balticracing.hochschule-stralsund.de\/\"},{\"@type\":\"ListItem\",\"position\":2,\"name\":\"Front Page\"}]},{\"@type\":\"WebSite\",\"@id\":\"https:\/\/balticracing.hochschule-stralsund.de\/#website\",\"url\":\"https:\/\/balticracing.hochschule-stralsund.de\/\",\"name\":\"Baltic Racing\",\"description\":\"\",\"publisher\":{\"@id\":\"https:\/\/balticracing.hochschule-stralsund.de\/#organization\"},\"potentialAction\":[{\"@type\":\"SearchAction\",\"target\":{\"@type\":\"EntryPoint\",\"urlTemplate\":\"https:\/\/balticracing.hochschule-stralsund.de\/?s={search_term_string}\"},\"query-input\":\"required name=search_term_string\"}],\"inLanguage\":\"de-DE\"},{\"@type\":\"Organization\",\"@id\":\"https:\/\/balticracing.hochschule-stralsund.de\/#organization\",\"name\":\"Baltic Racing\",\"url\":\"https:\/\/balticracing.hochschule-stralsund.de\/\",\"logo\":{\"@type\":\"ImageObject\",\"inLanguage\":\"de-DE\",\"@id\":\"https:\/\/balticracing.hochschule-stralsund.de\/#\/schema\/logo\/image\/\",\"url\":\"https:\/\/balticracing.hochschule-stralsund.de\/wp-content\/uploads\/2018\/06\/BRS-2017-Logo-RZ-wei_-CMYK-20170511.png\",\"contentUrl\":\"https:\/\/balticracing.hochschule-stralsund.de\/wp-content\/uploads\/2018\/06\/BRS-2017-Logo-RZ-wei_-CMYK-20170511.png\",\"width\":1851,\"height\":702,\"caption\":\"Baltic Racing\"},\"image\":{\"@id\":\"https:\/\/balticracing.hochschule-stralsund.de\/#\/schema\/logo\/image\/\"},\"sameAs\":[\"https:\/\/www.instagram.com\/balticracing\/\",\"https:\/\/www.youtube.com\/user\/BalticRacing\",\"https:\/\/www.facebook.com\/balticracing\/\",\"https:\/\/twitter.com\/BalticRacing\"]}]}<\/script>\n<!-- \/ Yoast SEO plugin. -->","yoast_head_json":{"title":"Front Page - Baltic Racing","robots":{"index":"index","follow":"follow","max-snippet":"max-snippet:-1","max-image-preview":"max-image-preview:large","max-video-preview":"max-video-preview:-1"},"canonical":"https:\/\/balticracing.hochschule-stralsund.de\/","og_locale":"de_DE","og_type":"article","og_title":"Front Page - Baltic Racing","og_description":"Wir sind\u2026 \u2026 Baltic Racing! \u2026ein Team Ab 1999 unter dem Namen \u201estudent-racing team\u201c Seit 2006 als \u201eBaltic Racing\u201c \u2026Erfolgreich Auf bisher 44 Events In 10 L\u00e4ndern Mit 20 Top Plazierungen Was ist die Formula Student? Die Formula Student ist ein internationaler Nachwuchskonstruktionswettbewerb. Dabei bauen die Teams einen Rennwagen, der sich nach dem von der&hellip; Weiterlesen","og_url":"https:\/\/balticracing.hochschule-stralsund.de\/","og_site_name":"Baltic Racing","article_publisher":"https:\/\/www.facebook.com\/balticracing\/","article_modified_time":"2026-03-14T14:57:30+00:00","og_image":[{"url":"http:\/\/balticracing.hochschule-stralsund.de\/wp-content\/uploads\/2018\/06\/cropped-image19-1.png"}],"twitter_card":"summary_large_image","twitter_site":"@BalticRacing","twitter_misc":{"Gesch\u00e4tzte Lesezeit":"2 Minuten"},"schema":{"@context":"https:\/\/schema.org","@graph":[{"@type":"WebPage","@id":"https:\/\/balticracing.hochschule-stralsund.de\/","url":"https:\/\/balticracing.hochschule-stralsund.de\/","name":"Front Page - Baltic Racing","isPartOf":{"@id":"https:\/\/balticracing.hochschule-stralsund.de\/#website"},"datePublished":"2018-06-02T20:28:59+00:00","dateModified":"2026-03-14T14:57:30+00:00","breadcrumb":{"@id":"https:\/\/balticracing.hochschule-stralsund.de\/#breadcrumb"},"inLanguage":"de-DE","potentialAction":[{"@type":"ReadAction","target":["https:\/\/balticracing.hochschule-stralsund.de\/"]}]},{"@type":"BreadcrumbList","@id":"https:\/\/balticracing.hochschule-stralsund.de\/#breadcrumb","itemListElement":[{"@type":"ListItem","position":1,"name":"Startseite","item":"https:\/\/balticracing.hochschule-stralsund.de\/"},{"@type":"ListItem","position":2,"name":"Front Page"}]},{"@type":"WebSite","@id":"https:\/\/balticracing.hochschule-stralsund.de\/#website","url":"https:\/\/balticracing.hochschule-stralsund.de\/","name":"Baltic Racing","description":"","publisher":{"@id":"https:\/\/balticracing.hochschule-stralsund.de\/#organization"},"potentialAction":[{"@type":"SearchAction","target":{"@type":"EntryPoint","urlTemplate":"https:\/\/balticracing.hochschule-stralsund.de\/?s={search_term_string}"},"query-input":"required name=search_term_string"}],"inLanguage":"de-DE"},{"@type":"Organization","@id":"https:\/\/balticracing.hochschule-stralsund.de\/#organization","name":"Baltic Racing","url":"https:\/\/balticracing.hochschule-stralsund.de\/","logo":{"@type":"ImageObject","inLanguage":"de-DE","@id":"https:\/\/balticracing.hochschule-stralsund.de\/#\/schema\/logo\/image\/","url":"https:\/\/balticracing.hochschule-stralsund.de\/wp-content\/uploads\/2018\/06\/BRS-2017-Logo-RZ-wei_-CMYK-20170511.png","contentUrl":"https:\/\/balticracing.hochschule-stralsund.de\/wp-content\/uploads\/2018\/06\/BRS-2017-Logo-RZ-wei_-CMYK-20170511.png","width":1851,"height":702,"caption":"Baltic Racing"},"image":{"@id":"https:\/\/balticracing.hochschule-stralsund.de\/#\/schema\/logo\/image\/"},"sameAs":["https:\/\/www.instagram.com\/balticracing\/","https:\/\/www.youtube.com\/user\/BalticRacing","https:\/\/www.facebook.com\/balticracing\/","https:\/\/twitter.com\/BalticRacing"]}]}},"_links":{"self":[{"href":"https:\/\/balticracing.hochschule-stralsund.de\/index.php?rest_route=\/wp\/v2\/pages\/108"}],"collection":[{"href":"https:\/\/balticracing.hochschule-stralsund.de\/index.php?rest_route=\/wp\/v2\/pages"}],"about":[{"href":"https:\/\/balticracing.hochschule-stralsund.de\/index.php?rest_route=\/wp\/v2\/types\/page"}],"author":[{"embeddable":true,"href":"https:\/\/balticracing.hochschule-stralsund.de\/index.php?rest_route=\/wp\/v2\/users\/1"}],"replies":[{"embeddable":true,"href":"https:\/\/balticracing.hochschule-stralsund.de\/index.php?rest_route=%2Fwp%2Fv2%2Fcomments&post=108"}],"version-history":[{"count":93,"href":"https:\/\/balticracing.hochschule-stralsund.de\/index.php?rest_route=\/wp\/v2\/pages\/108\/revisions"}],"predecessor-version":[{"id":14099,"href":"https:\/\/balticracing.hochschule-stralsund.de\/index.php?rest_route=\/wp\/v2\/pages\/108\/revisions\/14099"}],"wp:attachment":[{"href":"https:\/\/balticracing.hochschule-stralsund.de\/index.php?rest_route=%2Fwp%2Fv2%2Fmedia&parent=108"}],"curies":[{"name":"wp","href":"https:\/\/api.w.org\/{rel}","templated":true}]}}